{"id":2221,"date":"2023-07-07T09:38:52","date_gmt":"2023-07-07T09:38:52","guid":{"rendered":"https:\/\/www.peinture-hornberger.com\/?page_id=2221"},"modified":"2023-08-21T06:54:28","modified_gmt":"2023-08-21T06:54:28","slug":"decoration","status":"publish","type":"page","link":"https:\/\/www.peinture-hornberger.com\/index.php\/decoration\/","title":{"rendered":"D\u00e9coration"},"content":{"rendered":"<p><div class=\"fusion-fullwidth fullwidth-box fusion-builder-row-1 fusion-flex-container has-pattern-background has-mask-background nonhundred-percent-fullwidth non-hundred-percent-height-scrolling\" style=\"--awb-border-color:var(--awb-color1);--awb-border-radius-top-left:0px;--awb-border-radius-top-right:0px;--awb-border-radius-bottom-right:0px;--awb-border-radius-bottom-left:0px;--awb-padding-top:50px;--awb-padding-top-medium:70px;--awb-padding-bottom-medium:70px;--awb-padding-top-small:50px;--awb-padding-bottom-small:70px;\" ><div class=\"fusion-builder-row fusion-row fusion-flex-align-items-flex-start\" style=\"max-width:calc( 1200px + 0px );margin-left: calc(-0px \/ 2 );margin-right: calc(-0px \/ 2 );\"><div class=\"fusion-layout-column fusion_builder_column fusion-builder-column-0 fusion_builder_column_1_1 1_1 fusion-flex-column\" style=\"--awb-bg-size:cover;--awb-width-large:100%;--awb-margin-top-large:0px;--awb-spacing-right-large:0;--awb-margin-bottom-large:20px;--awb-spacing-left-large:0;--awb-width-medium:100%;--awb-order-medium:0;--awb-spacing-right-medium:0;--awb-spacing-left-medium:0;--awb-width-small:100%;--awb-order-small:0;--awb-spacing-right-small:0;--awb-spacing-left-small:0;\"><div class=\"fusion-column-wrapper fusion-column-has-shadow fusion-flex-justify-content-flex-start fusion-content-layout-column\"><div class=\"fusion-text fusion-text-1\"><p style=\"text-align: center;\">Nous proposons des objets de d\u00e9coration pour tous les go\u00fbts et tous les styles de d\u00e9coration int\u00e9rieure pour vous aider \u00e0 personnaliser votre espace de vie. Que vous cherchiez des coussins, des plaids, des luminaires, de la vaisselle, des appliques murales ou des accessoires de d\u00e9coration, vous trouverez ce qu&rsquo;il vous faut dans notre magasin. Notre \u00e9quipe de conseillers en d\u00e9coration est \u00e0 votre disposition pour vous aider \u00e0 choisir les \u00e9l\u00e9ments de d\u00e9coration qui conviendront le mieux \u00e0 votre style et \u00e0 vos pr\u00e9f\u00e9rences.<\/p>\n<\/div><\/div><\/div><\/div><\/div><div class=\"fusion-fullwidth fullwidth-box fusion-builder-row-2 fusion-flex-container has-pattern-background has-mask-background nonhundred-percent-fullwidth non-hundred-percent-height-scrolling fusion-animated\" style=\"--awb-border-color:var(--awb-color1);--awb-border-radius-top-left:0px;--awb-border-radius-top-right:0px;--awb-border-radius-bottom-right:0px;--awb-border-radius-bottom-left:0px;--awb-padding-top:50px;--awb-padding-bottom:50px;--awb-padding-top-medium:70px;--awb-padding-bottom-medium:70px;--awb-padding-top-small:50px;--awb-padding-bottom-small:70px;\" data-animationType=\"fadeInLeft\" data-animationDuration=\"0.8\" data-animationOffset=\"top-into-view\" ><div class=\"fusion-builder-row fusion-row fusion-flex-align-items-flex-start\" style=\"max-width:calc( 1200px + 0px );margin-left: calc(-0px \/ 2 );margin-right: calc(-0px \/ 2 );\"><div class=\"fusion-layout-column fusion_builder_column fusion-builder-column-1 fusion_builder_column_1_1 1_1 fusion-flex-column\" style=\"--awb-bg-size:cover;--awb-width-large:100%;--awb-margin-top-large:0px;--awb-spacing-right-large:0;--awb-margin-bottom-large:20px;--awb-spacing-left-large:0;--awb-width-medium:100%;--awb-order-medium:0;--awb-spacing-right-medium:0;--awb-spacing-left-medium:0;--awb-width-small:100%;--awb-order-small:0;--awb-spacing-right-small:0;--awb-spacing-left-small:0;\"><div class=\"fusion-column-wrapper fusion-column-has-shadow fusion-flex-justify-content-flex-start fusion-content-layout-column\"><div class=\"awb-gallery-wrapper awb-gallery-wrapper-1 button-span-no\" style=\"--more-btn-alignment:center;\"><div style=\"margin:-5px;--awb-bordersize:0px;\" class=\"fusion-gallery fusion-gallery-container fusion-grid-3 fusion-columns-total-8 fusion-gallery-layout-grid fusion-gallery-1\"><div style=\"padding:5px;\" class=\"fusion-grid-column fusion-gallery-column fusion-gallery-column-3 hover-type-zoomin\"><div class=\"fusion-gallery-image\"><a href=\"https:\/\/www.peinture-hornberger.com\/wp-content\/uploads\/2023\/07\/decoration1.jpg\" rel=\"noreferrer\" data-rel=\"iLightbox[gallery_image_1]\" class=\"fusion-lightbox\" target=\"_self\"><img decoding=\"async\" src=\"https:\/\/www.peinture-hornberger.com\/wp-content\/uploads\/2023\/07\/decoration1.jpg\" data-orig-src=\"https:\/\/www.peinture-hornberger.com\/wp-content\/uploads\/2023\/07\/decoration1.jpg\" width=\"1500\" height=\"1000\" alt=\"\" title=\"decoration1\" aria-label=\"decoration1\" class=\"lazyload img-responsive wp-image-2222\" srcset=\"data:image\/svg+xml,%3Csvg%20xmlns%3D%27http%3A%2F%2Fwww.w3.org%2F2000%2Fsvg%27%20width%3D%271500%27%20height%3D%271000%27%20viewBox%3D%270%200%201500%201000%27%3E%3Crect%20width%3D%271500%27%20height%3D%271000%27%20fill-opacity%3D%220%22%2F%3E%3C%2Fsvg%3E\" data-srcset=\"https:\/\/www.peinture-hornberger.com\/wp-content\/uploads\/2023\/07\/decoration1-200x133.jpg 200w, https:\/\/www.peinture-hornberger.com\/wp-content\/uploads\/2023\/07\/decoration1-400x267.jpg 400w, https:\/\/www.peinture-hornberger.com\/wp-content\/uploads\/2023\/07\/decoration1-600x400.jpg 600w, https:\/\/www.peinture-hornberger.com\/wp-content\/uploads\/2023\/07\/decoration1-800x533.jpg 800w, https:\/\/www.peinture-hornberger.com\/wp-content\/uploads\/2023\/07\/decoration1-1200x800.jpg 1200w, https:\/\/www.peinture-hornberger.com\/wp-content\/uploads\/2023\/07\/decoration1.jpg 1500w\" data-sizes=\"auto\" data-orig-sizes=\"(min-width: 2200px) 100vw, (min-width: 784px) 397px, (min-width: 712px) 595px, (min-width: 640px) 712px, \" \/><\/a><\/div><\/div><div style=\"padding:5px;\" class=\"fusion-grid-column fusion-gallery-column fusion-gallery-column-3 hover-type-zoomin\"><div class=\"fusion-gallery-image\"><a href=\"https:\/\/www.peinture-hornberger.com\/wp-content\/uploads\/2023\/07\/decoration2.jpg\" rel=\"noreferrer\" data-rel=\"iLightbox[gallery_image_1]\" class=\"fusion-lightbox\" target=\"_self\"><img decoding=\"async\" src=\"https:\/\/www.peinture-hornberger.com\/wp-content\/uploads\/2023\/07\/decoration2.jpg\" data-orig-src=\"https:\/\/www.peinture-hornberger.com\/wp-content\/uploads\/2023\/07\/decoration2.jpg\" width=\"1500\" height=\"1000\" alt=\"\" title=\"decoration2\" aria-label=\"decoration2\" class=\"lazyload img-responsive wp-image-2223\" srcset=\"data:image\/svg+xml,%3Csvg%20xmlns%3D%27http%3A%2F%2Fwww.w3.org%2F2000%2Fsvg%27%20width%3D%271500%27%20height%3D%271000%27%20viewBox%3D%270%200%201500%201000%27%3E%3Crect%20width%3D%271500%27%20height%3D%271000%27%20fill-opacity%3D%220%22%2F%3E%3C%2Fsvg%3E\" data-srcset=\"https:\/\/www.peinture-hornberger.com\/wp-content\/uploads\/2023\/07\/decoration2-200x133.jpg 200w, https:\/\/www.peinture-hornberger.com\/wp-content\/uploads\/2023\/07\/decoration2-400x267.jpg 400w, https:\/\/www.peinture-hornberger.com\/wp-content\/uploads\/2023\/07\/decoration2-600x400.jpg 600w, https:\/\/www.peinture-hornberger.com\/wp-content\/uploads\/2023\/07\/decoration2-800x533.jpg 800w, https:\/\/www.peinture-hornberger.com\/wp-content\/uploads\/2023\/07\/decoration2-1200x800.jpg 1200w, https:\/\/www.peinture-hornberger.com\/wp-content\/uploads\/2023\/07\/decoration2.jpg 1500w\" data-sizes=\"auto\" data-orig-sizes=\"(min-width: 2200px) 100vw, (min-width: 784px) 397px, (min-width: 712px) 595px, (min-width: 640px) 712px, \" \/><\/a><\/div><\/div><div style=\"padding:5px;\" class=\"fusion-grid-column fusion-gallery-column fusion-gallery-column-3 hover-type-zoomin\"><div class=\"fusion-gallery-image\"><a href=\"https:\/\/www.peinture-hornberger.com\/wp-content\/uploads\/2023\/07\/decoration3.jpg\" rel=\"noreferrer\" data-rel=\"iLightbox[gallery_image_1]\" class=\"fusion-lightbox\" target=\"_self\"><img decoding=\"async\" src=\"https:\/\/www.peinture-hornberger.com\/wp-content\/uploads\/2023\/07\/decoration3.jpg\" data-orig-src=\"https:\/\/www.peinture-hornberger.com\/wp-content\/uploads\/2023\/07\/decoration3.jpg\" width=\"1200\" height=\"1800\" alt=\"\" title=\"decoration3\" aria-label=\"decoration3\" class=\"lazyload img-responsive wp-image-2224\" srcset=\"data:image\/svg+xml,%3Csvg%20xmlns%3D%27http%3A%2F%2Fwww.w3.org%2F2000%2Fsvg%27%20width%3D%271200%27%20height%3D%271800%27%20viewBox%3D%270%200%201200%201800%27%3E%3Crect%20width%3D%271200%27%20height%3D%271800%27%20fill-opacity%3D%220%22%2F%3E%3C%2Fsvg%3E\" data-srcset=\"https:\/\/www.peinture-hornberger.com\/wp-content\/uploads\/2023\/07\/decoration3-200x300.jpg 200w, https:\/\/www.peinture-hornberger.com\/wp-content\/uploads\/2023\/07\/decoration3-400x600.jpg 400w, https:\/\/www.peinture-hornberger.com\/wp-content\/uploads\/2023\/07\/decoration3-600x900.jpg 600w, https:\/\/www.peinture-hornberger.com\/wp-content\/uploads\/2023\/07\/decoration3-800x1200.jpg 800w, https:\/\/www.peinture-hornberger.com\/wp-content\/uploads\/2023\/07\/decoration3.jpg 1200w\" data-sizes=\"auto\" data-orig-sizes=\"(min-width: 2200px) 100vw, (min-width: 784px) 397px, (min-width: 712px) 595px, (min-width: 640px) 712px, \" \/><\/a><\/div><\/div><div class=\"clearfix\"><\/div><div style=\"padding:5px;\" class=\"fusion-grid-column fusion-gallery-column fusion-gallery-column-3 hover-type-zoomin\"><div class=\"fusion-gallery-image\"><a href=\"https:\/\/www.peinture-hornberger.com\/wp-content\/uploads\/2023\/07\/decoration4.jpg\" rel=\"noreferrer\" data-rel=\"iLightbox[gallery_image_1]\" class=\"fusion-lightbox\" target=\"_self\"><img decoding=\"async\" src=\"https:\/\/www.peinture-hornberger.com\/wp-content\/uploads\/2023\/07\/decoration4.jpg\" data-orig-src=\"https:\/\/www.peinture-hornberger.com\/wp-content\/uploads\/2023\/07\/decoration4.jpg\" width=\"1200\" height=\"1878\" alt=\"\" title=\"decoration4\" aria-label=\"decoration4\" class=\"lazyload img-responsive wp-image-2225\" srcset=\"data:image\/svg+xml,%3Csvg%20xmlns%3D%27http%3A%2F%2Fwww.w3.org%2F2000%2Fsvg%27%20width%3D%271200%27%20height%3D%271878%27%20viewBox%3D%270%200%201200%201878%27%3E%3Crect%20width%3D%271200%27%20height%3D%271878%27%20fill-opacity%3D%220%22%2F%3E%3C%2Fsvg%3E\" data-srcset=\"https:\/\/www.peinture-hornberger.com\/wp-content\/uploads\/2023\/07\/decoration4-200x313.jpg 200w, https:\/\/www.peinture-hornberger.com\/wp-content\/uploads\/2023\/07\/decoration4-400x626.jpg 400w, https:\/\/www.peinture-hornberger.com\/wp-content\/uploads\/2023\/07\/decoration4-600x939.jpg 600w, https:\/\/www.peinture-hornberger.com\/wp-content\/uploads\/2023\/07\/decoration4-800x1252.jpg 800w, https:\/\/www.peinture-hornberger.com\/wp-content\/uploads\/2023\/07\/decoration4.jpg 1200w\" data-sizes=\"auto\" data-orig-sizes=\"(min-width: 2200px) 100vw, (min-width: 784px) 397px, (min-width: 712px) 595px, (min-width: 640px) 712px, \" \/><\/a><\/div><\/div><div style=\"padding:5px;\" class=\"fusion-grid-column fusion-gallery-column fusion-gallery-column-3 hover-type-zoomin\"><div class=\"fusion-gallery-image\"><a href=\"https:\/\/www.peinture-hornberger.com\/wp-content\/uploads\/2023\/07\/decoration5.jpg\" rel=\"noreferrer\" data-rel=\"iLightbox[gallery_image_1]\" class=\"fusion-lightbox\" target=\"_self\"><img decoding=\"async\" src=\"https:\/\/www.peinture-hornberger.com\/wp-content\/uploads\/2023\/07\/decoration5.jpg\" data-orig-src=\"https:\/\/www.peinture-hornberger.com\/wp-content\/uploads\/2023\/07\/decoration5.jpg\" width=\"1500\" height=\"1000\" alt=\"\" title=\"decoration5\" aria-label=\"decoration5\" class=\"lazyload img-responsive wp-image-2226\" srcset=\"data:image\/svg+xml,%3Csvg%20xmlns%3D%27http%3A%2F%2Fwww.w3.org%2F2000%2Fsvg%27%20width%3D%271500%27%20height%3D%271000%27%20viewBox%3D%270%200%201500%201000%27%3E%3Crect%20width%3D%271500%27%20height%3D%271000%27%20fill-opacity%3D%220%22%2F%3E%3C%2Fsvg%3E\" data-srcset=\"https:\/\/www.peinture-hornberger.com\/wp-content\/uploads\/2023\/07\/decoration5-200x133.jpg 200w, https:\/\/www.peinture-hornberger.com\/wp-content\/uploads\/2023\/07\/decoration5-400x267.jpg 400w, https:\/\/www.peinture-hornberger.com\/wp-content\/uploads\/2023\/07\/decoration5-600x400.jpg 600w, https:\/\/www.peinture-hornberger.com\/wp-content\/uploads\/2023\/07\/decoration5-800x533.jpg 800w, https:\/\/www.peinture-hornberger.com\/wp-content\/uploads\/2023\/07\/decoration5-1200x800.jpg 1200w, https:\/\/www.peinture-hornberger.com\/wp-content\/uploads\/2023\/07\/decoration5.jpg 1500w\" data-sizes=\"auto\" data-orig-sizes=\"(min-width: 2200px) 100vw, (min-width: 784px) 397px, (min-width: 712px) 595px, (min-width: 640px) 712px, \" \/><\/a><\/div><\/div><div style=\"padding:5px;\" class=\"fusion-grid-column fusion-gallery-column fusion-gallery-column-3 hover-type-zoomin\"><div class=\"fusion-gallery-image\"><a href=\"https:\/\/www.peinture-hornberger.com\/wp-content\/uploads\/2023\/07\/decoration6.jpg\" rel=\"noreferrer\" data-rel=\"iLightbox[gallery_image_1]\" class=\"fusion-lightbox\" target=\"_self\"><img decoding=\"async\" src=\"https:\/\/www.peinture-hornberger.com\/wp-content\/uploads\/2023\/07\/decoration6.jpg\" data-orig-src=\"https:\/\/www.peinture-hornberger.com\/wp-content\/uploads\/2023\/07\/decoration6.jpg\" width=\"1500\" height=\"1000\" alt=\"\" title=\"decoration6\" aria-label=\"decoration6\" class=\"lazyload img-responsive wp-image-2227\" srcset=\"data:image\/svg+xml,%3Csvg%20xmlns%3D%27http%3A%2F%2Fwww.w3.org%2F2000%2Fsvg%27%20width%3D%271500%27%20height%3D%271000%27%20viewBox%3D%270%200%201500%201000%27%3E%3Crect%20width%3D%271500%27%20height%3D%271000%27%20fill-opacity%3D%220%22%2F%3E%3C%2Fsvg%3E\" data-srcset=\"https:\/\/www.peinture-hornberger.com\/wp-content\/uploads\/2023\/07\/decoration6-200x133.jpg 200w, https:\/\/www.peinture-hornberger.com\/wp-content\/uploads\/2023\/07\/decoration6-400x267.jpg 400w, https:\/\/www.peinture-hornberger.com\/wp-content\/uploads\/2023\/07\/decoration6-600x400.jpg 600w, https:\/\/www.peinture-hornberger.com\/wp-content\/uploads\/2023\/07\/decoration6-800x533.jpg 800w, https:\/\/www.peinture-hornberger.com\/wp-content\/uploads\/2023\/07\/decoration6-1200x800.jpg 1200w, https:\/\/www.peinture-hornberger.com\/wp-content\/uploads\/2023\/07\/decoration6.jpg 1500w\" data-sizes=\"auto\" data-orig-sizes=\"(min-width: 2200px) 100vw, (min-width: 784px) 397px, (min-width: 712px) 595px, (min-width: 640px) 712px, \" \/><\/a><\/div><\/div><div class=\"clearfix\"><\/div><div style=\"padding:5px;\" class=\"fusion-grid-column fusion-gallery-column fusion-gallery-column-3 hover-type-zoomin\"><div class=\"fusion-gallery-image\"><a href=\"https:\/\/www.peinture-hornberger.com\/wp-content\/uploads\/2023\/07\/decoration7.jpg\" rel=\"noreferrer\" data-rel=\"iLightbox[gallery_image_1]\" class=\"fusion-lightbox\" target=\"_self\"><img decoding=\"async\" src=\"https:\/\/www.peinture-hornberger.com\/wp-content\/uploads\/2023\/07\/decoration7.jpg\" data-orig-src=\"https:\/\/www.peinture-hornberger.com\/wp-content\/uploads\/2023\/07\/decoration7.jpg\" width=\"1500\" height=\"1000\" alt=\"\" title=\"decoration7\" aria-label=\"decoration7\" class=\"lazyload img-responsive wp-image-2228\" srcset=\"data:image\/svg+xml,%3Csvg%20xmlns%3D%27http%3A%2F%2Fwww.w3.org%2F2000%2Fsvg%27%20width%3D%271500%27%20height%3D%271000%27%20viewBox%3D%270%200%201500%201000%27%3E%3Crect%20width%3D%271500%27%20height%3D%271000%27%20fill-opacity%3D%220%22%2F%3E%3C%2Fsvg%3E\" data-srcset=\"https:\/\/www.peinture-hornberger.com\/wp-content\/uploads\/2023\/07\/decoration7-200x133.jpg 200w, https:\/\/www.peinture-hornberger.com\/wp-content\/uploads\/2023\/07\/decoration7-400x267.jpg 400w, https:\/\/www.peinture-hornberger.com\/wp-content\/uploads\/2023\/07\/decoration7-600x400.jpg 600w, https:\/\/www.peinture-hornberger.com\/wp-content\/uploads\/2023\/07\/decoration7-800x533.jpg 800w, https:\/\/www.peinture-hornberger.com\/wp-content\/uploads\/2023\/07\/decoration7-1200x800.jpg 1200w, https:\/\/www.peinture-hornberger.com\/wp-content\/uploads\/2023\/07\/decoration7.jpg 1500w\" data-sizes=\"auto\" data-orig-sizes=\"(min-width: 2200px) 100vw, (min-width: 784px) 397px, (min-width: 712px) 595px, (min-width: 640px) 712px, \" \/><\/a><\/div><\/div><div style=\"padding:5px;\" class=\"fusion-grid-column fusion-gallery-column fusion-gallery-column-3 hover-type-zoomin\"><div class=\"fusion-gallery-image\"><a href=\"https:\/\/www.peinture-hornberger.com\/wp-content\/uploads\/2023\/07\/decoration8.jpg\" rel=\"noreferrer\" data-rel=\"iLightbox[gallery_image_1]\" class=\"fusion-lightbox\" target=\"_self\"><img decoding=\"async\" src=\"https:\/\/www.peinture-hornberger.com\/wp-content\/uploads\/2023\/07\/decoration8.jpg\" data-orig-src=\"https:\/\/www.peinture-hornberger.com\/wp-content\/uploads\/2023\/07\/decoration8.jpg\" width=\"1500\" height=\"1000\" alt=\"\" title=\"decoration8\" aria-label=\"decoration8\" class=\"lazyload img-responsive wp-image-2229\" srcset=\"data:image\/svg+xml,%3Csvg%20xmlns%3D%27http%3A%2F%2Fwww.w3.org%2F2000%2Fsvg%27%20width%3D%271500%27%20height%3D%271000%27%20viewBox%3D%270%200%201500%201000%27%3E%3Crect%20width%3D%271500%27%20height%3D%271000%27%20fill-opacity%3D%220%22%2F%3E%3C%2Fsvg%3E\" data-srcset=\"https:\/\/www.peinture-hornberger.com\/wp-content\/uploads\/2023\/07\/decoration8-200x133.jpg 200w, https:\/\/www.peinture-hornberger.com\/wp-content\/uploads\/2023\/07\/decoration8-400x267.jpg 400w, https:\/\/www.peinture-hornberger.com\/wp-content\/uploads\/2023\/07\/decoration8-600x400.jpg 600w, https:\/\/www.peinture-hornberger.com\/wp-content\/uploads\/2023\/07\/decoration8-800x533.jpg 800w, https:\/\/www.peinture-hornberger.com\/wp-content\/uploads\/2023\/07\/decoration8-1200x800.jpg 1200w, https:\/\/www.peinture-hornberger.com\/wp-content\/uploads\/2023\/07\/decoration8.jpg 1500w\" data-sizes=\"auto\" data-orig-sizes=\"(min-width: 2200px) 100vw, (min-width: 784px) 397px, (min-width: 712px) 595px, (min-width: 640px) 712px, \" \/><\/a><\/div><\/div><\/div><\/div><\/div><\/div><\/div><\/div><div class=\"fusion-fullwidth fullwidth-box fusion-builder-row-3 fusion-flex-container has-pattern-background has-mask-background nonhundred-percent-fullwidth non-hundred-percent-height-scrolling\" style=\"--awb-border-radius-top-left:0px;--awb-border-radius-top-right:0px;--awb-border-radius-bottom-right:0px;--awb-border-radius-bottom-left:0px;--awb-margin-top:45px;--awb-margin-bottom:35px;\" ><div class=\"fusion-builder-row fusion-row fusion-flex-align-items-flex-start\" style=\"max-width:calc( 1200px + 80px );margin-left: calc(-80px \/ 2 );margin-right: calc(-80px \/ 2 );\"><div class=\"fusion-layout-column fusion_builder_column fusion-builder-column-2 fusion_builder_column_1_1 1_1 fusion-flex-column\" style=\"--awb-bg-size:cover;--awb-width-large:100%;--awb-margin-top-large:0px;--awb-spacing-right-large:40px;--awb-margin-bottom-large:20px;--awb-spacing-left-large:40px;--awb-width-medium:100%;--awb-order-medium:0;--awb-spacing-right-medium:40px;--awb-spacing-left-medium:40px;--awb-width-small:100%;--awb-order-small:0;--awb-spacing-right-small:40px;--awb-spacing-left-small:40px;\"><div class=\"fusion-column-wrapper fusion-column-has-shadow fusion-flex-justify-content-flex-start fusion-content-layout-column\"><div style=\"text-align:center;\"><a class=\"fusion-button button-flat fusion-button-default-size button-custom fusion-button-default button-1 fusion-button-default-span fusion-button-default-type\" style=\"--button_accent_color:#ffffff;--button_border_color:#771c6e;--button_accent_hover_color:#ffffff;--button_border_hover_color:#ffffff;--button_gradient_top_color:#771c6e;--button_gradient_bottom_color:#771c6e;--button_gradient_top_color_hover:var(--awb-color8);--button_gradient_bottom_color_hover:var(--awb-color8);--button_text_transform:none;--button_font_size:26px;\" target=\"_self\" href=\"https:\/\/www.peinture-hornberger.com\/index.php\/magasin\/\"><span class=\"fusion-button-text\">D\u00e9couvrez notre magasin<\/span><\/a><\/div><\/div><\/div><\/div><\/div><\/p>\n","protected":false},"excerpt":{"rendered":"","protected":false},"author":1,"featured_media":0,"parent":0,"menu_order":0,"comment_status":"closed","ping_status":"closed","template":"100-width.php","meta":{"footnotes":""},"class_list":["post-2221","page","type-page","status-publish","hentry"],"_links":{"self":[{"href":"https:\/\/www.peinture-hornberger.com\/index.php\/wp-json\/wp\/v2\/pages\/2221","targetHints":{"allow":["GET"]}}],"collection":[{"href":"https:\/\/www.peinture-hornberger.com\/index.php\/wp-json\/wp\/v2\/pages"}],"about":[{"href":"https:\/\/www.peinture-hornberger.com\/index.php\/wp-json\/wp\/v2\/types\/page"}],"author":[{"embeddable":true,"href":"https:\/\/www.peinture-hornberger.com\/index.php\/wp-json\/wp\/v2\/users\/1"}],"replies":[{"embeddable":true,"href":"https:\/\/www.peinture-hornberger.com\/index.php\/wp-json\/wp\/v2\/comments?post=2221"}],"version-history":[{"count":10,"href":"https:\/\/www.peinture-hornberger.com\/index.php\/wp-json\/wp\/v2\/pages\/2221\/revisions"}],"predecessor-version":[{"id":2702,"href":"https:\/\/www.peinture-hornberger.com\/index.php\/wp-json\/wp\/v2\/pages\/2221\/revisions\/2702"}],"wp:attachment":[{"href":"https:\/\/www.peinture-hornberger.com\/index.php\/wp-json\/wp\/v2\/media?parent=2221"}],"curies":[{"name":"wp","href":"https:\/\/api.w.org\/{rel}","templated":true}]}}